{"id":127,"date":"2020-10-22T13:55:30","date_gmt":"2020-10-22T11:55:30","guid":{"rendered":"http:\/\/ijp.polon.uw.edu.pl\/?page_id=127"},"modified":"2026-03-27T20:39:50","modified_gmt":"2026-03-27T19:39:50","slug":"o-instytucie","status":"publish","type":"page","link":"https:\/\/ijp.uw.edu.pl\/","title":{"rendered":"Instytut"},"content":{"rendered":"\n<p>Instytut J\u0119zyka Polskiego nale\u017cy do wyr\u00f3\u017cniaj\u0105cych si\u0119 jednostek naukowych w kraju.\u00a0W Instytucie s\u0105 kontynuowane i tw\u00f3rczo rozwijane tradycje metodologiczne j\u0119zykoznawczej szko\u0142y warszawskiejw zakresie leksykologii, leksykografii, s\u0142owotw\u00f3rstwa i dialektologii. Wa\u017cnym nurtem dzia\u0142alno\u015bci naukowej IJP s\u0105 zagadnienia normatywne, a rozstrzygni\u0119cia poprawno\u015bciowe podejmowane w pracach naszych uczonych s\u0105 powszechnie akceptowane. Pracownicy IJP s\u0105 te\u017c cenionymi popularyzatorami wiedzy o polszczy\u017anie i poprawno\u015bci j\u0119zykowej. S\u0105 te\u017c opracowywane nowe podej\u015bcia i metody badawcze \u2013 dotycz\u0105 one rygorystycznego opisu wsp\u00f3\u0142czesnego j\u0119zyka polskiego (tak w modelu sk\u0142adnik\u00f3w bezpo\u015brednich, jak i zale\u017cno\u015bciowym), sk\u0142adni i gramatyki historycznej, zastosowania fonetyki akustycznej w badaniach dialektologicznych oraz metaleksykografii, fonostylistyki i fonosemantyki, s\u0142owotw\u00f3rstwa kognitywno-komunikatywnego, jak te\u017c j\u0119zyka nauki w uj\u0119ciu kognitywnym, i innych zagadnie\u0144 j\u0119zykowych opisywanych w ramach r\u00f3\u017cnych nurt\u00f3w j\u0119zykoznawstwa kognitywnego\u00a0\u00a0(m.in. j\u0119zykowego obrazu cz\u0142owieka w opisie teoretycznym i s\u0142ownikowym).<\/p>\n\n\n\n<figure class=\"wp-block-image size-large is-style-rounded\"><img loading=\"lazy\" width=\"1024\" height=\"768\" src=\"http:\/\/ijp.uw.edu.pl\/wp-content\/uploads\/2020\/10\/IMG_1517-1024x768.jpeg\" alt=\"\" class=\"wp-image-343\" srcset=\"https:\/\/ijp.uw.edu.pl\/wp-content\/uploads\/2020\/10\/IMG_1517-1024x768.jpeg 1024w, https:\/\/ijp.uw.edu.pl\/wp-content\/uploads\/2020\/10\/IMG_1517-300x225.jpeg 300w, https:\/\/ijp.uw.edu.pl\/wp-content\/uploads\/2020\/10\/IMG_1517-768x576.jpeg 768w, https:\/\/ijp.uw.edu.pl\/wp-content\/uploads\/2020\/10\/IMG_1517-1536x1152.jpeg 1536w, https:\/\/ijp.uw.edu.pl\/wp-content\/uploads\/2020\/10\/IMG_1517-2048x1536.jpeg 2048w, https:\/\/ijp.uw.edu.pl\/wp-content\/uploads\/2020\/10\/IMG_1517-140x105.jpeg 140w\" sizes=\"(max-width: 1024px) 100vw, 1024px\" \/><\/figure>\n","protected":false},"excerpt":{"rendered":"<p>Instytut J\u0119zyka Polskiego nale\u017cy do wyr\u00f3\u017cniaj\u0105cych si\u0119 jednostek naukowych w kraju.\u00a0W Instytucie s\u0105 kontynuowane i tw\u00f3rczo rozwijane tradycje metodologiczne j\u0119zykoznawczej szko\u0142y warszawskiejw zakresie leksykologii, leksykografii, s\u0142owotw\u00f3rstwa i dialektologii. Wa\u017cnym nurtem&hellip;<\/p>\n","protected":false},"author":1,"featured_media":0,"parent":0,"menu_order":1,"comment_status":"closed","ping_status":"closed","template":"page-templates\/homepage-widgets-page.php","meta":[],"_links":{"self":[{"href":"https:\/\/ijp.uw.edu.pl\/index.php\/wp-json\/wp\/v2\/pages\/127"}],"collection":[{"href":"https:\/\/ijp.uw.edu.pl\/index.php\/wp-json\/wp\/v2\/pages"}],"about":[{"href":"https:\/\/ijp.uw.edu.pl\/index.php\/wp-json\/wp\/v2\/types\/page"}],"author":[{"embeddable":true,"href":"https:\/\/ijp.uw.edu.pl\/index.php\/wp-json\/wp\/v2\/users\/1"}],"replies":[{"embeddable":true,"href":"https:\/\/ijp.uw.edu.pl\/index.php\/wp-json\/wp\/v2\/comments?post=127"}],"version-history":[{"count":8,"href":"https:\/\/ijp.uw.edu.pl\/index.php\/wp-json\/wp\/v2\/pages\/127\/revisions"}],"predecessor-version":[{"id":556,"href":"https:\/\/ijp.uw.edu.pl\/index.php\/wp-json\/wp\/v2\/pages\/127\/revisions\/556"}],"wp:attachment":[{"href":"https:\/\/ijp.uw.edu.pl\/index.php\/wp-json\/wp\/v2\/media?parent=127"}],"curies":[{"name":"wp","href":"https:\/\/api.w.org\/{rel}","templated":true}]}}