{"id":1466,"date":"2024-03-13T14:08:20","date_gmt":"2024-03-13T13:08:20","guid":{"rendered":"http:\/\/ijp.uw.edu.pl\/?page_id=1466"},"modified":"2024-09-29T16:47:19","modified_gmt":"2024-09-29T14:47:19","slug":"specjalizacja-prosty-jezyk-i-przyjazna-komunikacja","status":"publish","type":"page","link":"https:\/\/ijp.uw.edu.pl\/index.php\/specjalizacja-prosty-jezyk-i-przyjazna-komunikacja\/","title":{"rendered":"Specjalizacja"},"content":{"rendered":"\n<p>Zapraszamy serdecznie na nasz\u0105 specjalizacj\u0119 &#8222;Prosty j\u0119zyk i przyjazna komunikacja&#8221; na studiach magisterskich z filologii polskiej na Wydziale Polonistyki UW. Wszystkie informacje znajdziecie na <a href=\"https:\/\/prostaspecjalizacja.ijp.uw.edu.pl\/\" target=\"_blank\" rel=\"noreferrer noopener\">stronie<\/a> specjalizacji. <\/p>\n\n\n\n<figure class=\"wp-block-image size-large\"><img loading=\"lazy\" width=\"1024\" height=\"768\" src=\"http:\/\/ijp.uw.edu.pl\/wp-content\/uploads\/2024\/03\/IMG_3677-1024x768.jpeg\" alt=\"\" class=\"wp-image-1483\" srcset=\"https:\/\/ijp.uw.edu.pl\/wp-content\/uploads\/2024\/03\/IMG_3677-1024x768.jpeg 1024w, https:\/\/ijp.uw.edu.pl\/wp-content\/uploads\/2024\/03\/IMG_3677-300x225.jpeg 300w, https:\/\/ijp.uw.edu.pl\/wp-content\/uploads\/2024\/03\/IMG_3677-768x576.jpeg 768w, https:\/\/ijp.uw.edu.pl\/wp-content\/uploads\/2024\/03\/IMG_3677-1536x1152.jpeg 1536w, https:\/\/ijp.uw.edu.pl\/wp-content\/uploads\/2024\/03\/IMG_3677-2048x1536.jpeg 2048w, https:\/\/ijp.uw.edu.pl\/wp-content\/uploads\/2024\/03\/IMG_3677-140x105.jpeg 140w\" sizes=\"(max-width: 1024px) 100vw, 1024px\" \/><\/figure>\n","protected":false},"excerpt":{"rendered":"<p>Zapraszamy serdecznie na nasz\u0105 specjalizacj\u0119 &#8222;Prosty j\u0119zyk i przyjazna komunikacja&#8221; na studiach magisterskich z filologii polskiej na Wydziale Polonistyki UW. Wszystkie informacje znajdziecie na stronie specjalizacji.<\/p>\n","protected":false},"author":1,"featured_media":0,"parent":0,"menu_order":5,"comment_status":"closed","ping_status":"closed","template":"","meta":[],"_links":{"self":[{"href":"https:\/\/ijp.uw.edu.pl\/index.php\/wp-json\/wp\/v2\/pages\/1466"}],"collection":[{"href":"https:\/\/ijp.uw.edu.pl\/index.php\/wp-json\/wp\/v2\/pages"}],"about":[{"href":"https:\/\/ijp.uw.edu.pl\/index.php\/wp-json\/wp\/v2\/types\/page"}],"author":[{"embeddable":true,"href":"https:\/\/ijp.uw.edu.pl\/index.php\/wp-json\/wp\/v2\/users\/1"}],"replies":[{"embeddable":true,"href":"https:\/\/ijp.uw.edu.pl\/index.php\/wp-json\/wp\/v2\/comments?post=1466"}],"version-history":[{"count":7,"href":"https:\/\/ijp.uw.edu.pl\/index.php\/wp-json\/wp\/v2\/pages\/1466\/revisions"}],"predecessor-version":[{"id":1582,"href":"https:\/\/ijp.uw.edu.pl\/index.php\/wp-json\/wp\/v2\/pages\/1466\/revisions\/1582"}],"wp:attachment":[{"href":"https:\/\/ijp.uw.edu.pl\/index.php\/wp-json\/wp\/v2\/media?parent=1466"}],"curies":[{"name":"wp","href":"https:\/\/api.w.org\/{rel}","templated":true}]}}