{"id":179,"date":"2020-10-22T21:00:41","date_gmt":"2020-10-22T19:00:41","guid":{"rendered":"http:\/\/ijp.polon.uw.edu.pl\/?page_id=179"},"modified":"2025-10-07T13:14:19","modified_gmt":"2025-10-07T11:14:19","slug":"pracownicy-instytutu","status":"publish","type":"page","link":"https:\/\/ijp.uw.edu.pl\/index.php\/o-instytucie\/pracownicy-instytutu\/","title":{"rendered":"Pracownicy Instytutu"},"content":{"rendered":"\n<h3>PRACOWNICY NAUKOWO-DYDAKTYCZNI<\/h3>\n\n\n\n<p>prof. dr hab. Miros\u0142aw Ba\u0144ko<\/p>\n\n\n\n<p>prof. dr hab. Halina Kara\u015b<\/p>\n\n\n\n<p>prof. dr hab. Marek \u0141azi\u0144ski<gwmw style=\"display:none;\"><\/gwmw><\/p>\n\n\n\n<p>prof. dr hab. Dorota Zdunkiewicz-Jedynak<\/p>\n\n\n\n<hr class=\"wp-block-separator\"\/>\n\n\n\n<p>dr hab. Iwona Burkacka, prof. ucz.<gwmw style=\"display:none;\"><\/gwmw><\/p>\n\n\n\n<p>dr hab. Magdalena Derwojedowa, prof. ucz.<\/p>\n\n\n\n<p>dr hab. Justyna Garczy\u0144ska, prof. ucz<gwmw style=\"display:none;\"><\/p>\n\n\n\n<p>dr hab. Katarzyna K\u0142osi\u0144ska, prof. ucz.<\/p>\n\n\n\n<p>dr hab. Monika Kresa, prof. ucz.<gwmw style=\"display:none;\"><gwmw style=\"display:none;\"><\/gwmw><\/gwmw><\/p>\n\n\n\n<p>dr hab. El\u017cbieta Piotrowska, prof. ucz.<\/p>\n\n\n\n<p>dr hab. Izabela Winiarska-G\u00f3rska, prof. ucz.<\/p>\n\n\n\n<p>dr hab. Magdalena Zawis\u0142awska, prof. ucz.<\/p>\n\n\n\n<hr class=\"wp-block-separator\"\/>\n\n\n\n<p>dr Dagmara Banasiak<\/p>\n\n\n\n<p>dr Marcin B\u0119dkowski<\/p>\n\n\n\n<p>dr Marta Chojnacka-Kura\u015b<\/p>\n\n\n\n<p>dr Marta Falkowska<\/p>\n\n\n\n<p>dr Agata H\u0105cia<\/p>\n\n\n\n<p>dr Monika Jab\u0142o\u0144ska<\/p>\n\n\n\n<p>dr Ewelina Kwapie\u0144<\/p>\n\n\n\n<p>dr Jaros\u0142aw \u0141achnik<\/p>\n\n\n\n<p>dr Barbara P\u0119dzich<\/p>\n\n\n\n<p>dr Agnieszka Piotrowska<\/p>\n\n\n\n<p>dr Izabela St\u0105por<\/p>\n\n\n\n<p>dr Magdalena Wanot-Mi\u015btura<\/p>\n\n\n\n<p>dr Aleksandra \u017burek-Huszcz<\/p>\n\n\n\n<hr class=\"wp-block-separator\"\/>\n\n\n\n<p><gwmw style=\"display:none;\"><gwmw style=\"display:none;\"><gwmw style=\"display:none;\"><br><gwmw style=\"display:none;\"><gwmw style=\"display:none;\"><\/gwmw><\/gwmw><\/gwmw><\/gwmw><\/gwmw><\/p>\n\n\n\n<h3>PRACOWNICY ADMINISTRACYJNI<\/h3>\n\n\n\n<p>mgr Katarzyna Sadkowska<\/p>\n","protected":false},"excerpt":{"rendered":"<p>PRACOWNICY NAUKOWO-DYDAKTYCZNI prof. dr hab. Miros\u0142aw Ba\u0144ko prof. dr hab. Halina Kara\u015b prof. dr hab. Marek \u0141azi\u0144ski prof. dr hab. Dorota Zdunkiewicz-Jedynak dr hab. Iwona Burkacka, prof. ucz. dr hab.&hellip;<\/p>\n","protected":false},"author":1,"featured_media":0,"parent":127,"menu_order":3,"comment_status":"closed","ping_status":"closed","template":"","meta":[],"_links":{"self":[{"href":"https:\/\/ijp.uw.edu.pl\/index.php\/wp-json\/wp\/v2\/pages\/179"}],"collection":[{"href":"https:\/\/ijp.uw.edu.pl\/index.php\/wp-json\/wp\/v2\/pages"}],"about":[{"href":"https:\/\/ijp.uw.edu.pl\/index.php\/wp-json\/wp\/v2\/types\/page"}],"author":[{"embeddable":true,"href":"https:\/\/ijp.uw.edu.pl\/index.php\/wp-json\/wp\/v2\/users\/1"}],"replies":[{"embeddable":true,"href":"https:\/\/ijp.uw.edu.pl\/index.php\/wp-json\/wp\/v2\/comments?post=179"}],"version-history":[{"count":23,"href":"https:\/\/ijp.uw.edu.pl\/index.php\/wp-json\/wp\/v2\/pages\/179\/revisions"}],"predecessor-version":[{"id":1830,"href":"https:\/\/ijp.uw.edu.pl\/index.php\/wp-json\/wp\/v2\/pages\/179\/revisions\/1830"}],"up":[{"embeddable":true,"href":"https:\/\/ijp.uw.edu.pl\/index.php\/wp-json\/wp\/v2\/pages\/127"}],"wp:attachment":[{"href":"https:\/\/ijp.uw.edu.pl\/index.php\/wp-json\/wp\/v2\/media?parent=179"}],"curies":[{"name":"wp","href":"https:\/\/api.w.org\/{rel}","templated":true}]}}