{"id":1982,"date":"2026-04-17T18:39:12","date_gmt":"2026-04-17T16:39:12","guid":{"rendered":"http:\/\/ijp.uw.edu.pl\/?page_id=1982"},"modified":"2026-04-17T18:41:08","modified_gmt":"2026-04-17T16:41:08","slug":"doktoranci-ijp","status":"publish","type":"page","link":"https:\/\/ijp.uw.edu.pl\/index.php\/o-instytucie\/doktoranci-ijp\/","title":{"rendered":"Doktoranci IJP"},"content":{"rendered":"\n<ul><li>mgr Olga Adamska<\/li><li>mgr Klaudia Abucewicz<\/li><li>mgr Karolina Czerkas<\/li><li>mgr Alicja Dzi\u0119cio\u0142<\/li><li>mgr Mateusz Gromulski<\/li><li>mgr Hubert Jankowski<\/li><li>mgr Dominika Kieszkowska<\/li><li>mgr Przemys\u0142aw Megger<\/li><li>mgr Monika Mi\u0142osz<\/li><li>mgr Monika Rarak<\/li><li>mgr Jelisavieta Vlajkovi\u0107<\/li><li>mgr Paulina Wi\u015bniewska<\/li><\/ul>\n","protected":false},"excerpt":{"rendered":"<p>mgr Olga Adamska mgr Klaudia Abucewicz mgr Karolina Czerkas mgr Alicja Dzi\u0119cio\u0142 mgr Mateusz Gromulski mgr Hubert Jankowski mgr Dominika Kieszkowska mgr Przemys\u0142aw Megger mgr Monika Mi\u0142osz mgr Monika Rarak&hellip;<\/p>\n","protected":false},"author":1,"featured_media":0,"parent":127,"menu_order":7,"comment_status":"closed","ping_status":"closed","template":"page-templates\/homepage-widgets-page.php","meta":[],"_links":{"self":[{"href":"https:\/\/ijp.uw.edu.pl\/index.php\/wp-json\/wp\/v2\/pages\/1982"}],"collection":[{"href":"https:\/\/ijp.uw.edu.pl\/index.php\/wp-json\/wp\/v2\/pages"}],"about":[{"href":"https:\/\/ijp.uw.edu.pl\/index.php\/wp-json\/wp\/v2\/types\/page"}],"author":[{"embeddable":true,"href":"https:\/\/ijp.uw.edu.pl\/index.php\/wp-json\/wp\/v2\/users\/1"}],"replies":[{"embeddable":true,"href":"https:\/\/ijp.uw.edu.pl\/index.php\/wp-json\/wp\/v2\/comments?post=1982"}],"version-history":[{"count":2,"href":"https:\/\/ijp.uw.edu.pl\/index.php\/wp-json\/wp\/v2\/pages\/1982\/revisions"}],"predecessor-version":[{"id":1984,"href":"https:\/\/ijp.uw.edu.pl\/index.php\/wp-json\/wp\/v2\/pages\/1982\/revisions\/1984"}],"up":[{"embeddable":true,"href":"https:\/\/ijp.uw.edu.pl\/index.php\/wp-json\/wp\/v2\/pages\/127"}],"wp:attachment":[{"href":"https:\/\/ijp.uw.edu.pl\/index.php\/wp-json\/wp\/v2\/media?parent=1982"}],"curies":[{"name":"wp","href":"https:\/\/api.w.org\/{rel}","templated":true}]}}