{"id":232,"date":"2020-10-22T22:31:58","date_gmt":"2020-10-22T20:31:58","guid":{"rendered":"http:\/\/ijp.polon.uw.edu.pl\/?page_id=232"},"modified":"2026-02-26T16:28:16","modified_gmt":"2026-02-26T15:28:16","slug":"zaklad-jezykoznawstwa-komputerowego","status":"publish","type":"page","link":"https:\/\/ijp.uw.edu.pl\/index.php\/struktura\/zaklad-jezykoznawstwa-komputerowego\/","title":{"rendered":"Zak\u0142ad J\u0119zykoznawstwa Komputerowego"},"content":{"rendered":"\n<div class=\"wp-block-columns\">\n<div class=\"wp-block-column\" style=\"flex-basis:33.33%\">\n<h4>Adres na czas remontu Wydzia\u0142u Polonistyki (od 1.10.2025 do odwo\u0142ania)<\/h4>\n\n\n\n<pre class=\"wp-block-preformatted\">ul. Stawki 5\/7\npok. 210<\/pre>\n\n\n\n<h3>Kontakt<\/h3>\n\n\n\n<pre class=\"wp-block-preformatted\">Kampus G\u0142\u00f3wny UW\ngmach Wydzia\u0142u Polonistyki\npok. 33<\/pre>\n\n\n\n<div class=\"wp-block-image\"><figure class=\"alignleft size-large\"><img loading=\"lazy\" width=\"1024\" height=\"768\" src=\"http:\/\/ijp.polon.uw.edu.pl\/wp-content\/uploads\/2020\/10\/IMG_1517-1024x768.jpeg\" alt=\"\" class=\"wp-image-343\" srcset=\"https:\/\/ijp.uw.edu.pl\/wp-content\/uploads\/2020\/10\/IMG_1517-1024x768.jpeg 1024w, https:\/\/ijp.uw.edu.pl\/wp-content\/uploads\/2020\/10\/IMG_1517-300x225.jpeg 300w, https:\/\/ijp.uw.edu.pl\/wp-content\/uploads\/2020\/10\/IMG_1517-768x576.jpeg 768w, https:\/\/ijp.uw.edu.pl\/wp-content\/uploads\/2020\/10\/IMG_1517-1536x1152.jpeg 1536w, https:\/\/ijp.uw.edu.pl\/wp-content\/uploads\/2020\/10\/IMG_1517-2048x1536.jpeg 2048w, https:\/\/ijp.uw.edu.pl\/wp-content\/uploads\/2020\/10\/IMG_1517-140x105.jpeg 140w\" sizes=\"(max-width: 1024px) 100vw, 1024px\" \/><\/figure><\/div>\n\n\n\n<p style=\"font-size:10px\">fot. Magdalena Zawis\u0142awska <\/p>\n<\/div>\n\n\n\n<div class=\"wp-block-column\" style=\"flex-basis:66.66%\">\n<hr class=\"wp-block-separator\"\/>\n\n\n\n<h3>Kierownik zak\u0142adu<\/h3>\n\n\n\n<hr class=\"wp-block-separator\"\/>\n\n\n\n<h5>dr Marcin B\u0119dkowski<gwmw style=\"display:none;\"><gwmw style=\"display:none;\"><\/gwmw><gwmw style=\"display:none;\"><\/gwmw><\/gwmw><\/h5>\n\n\n\n<ul><li>wtorek, 16.45-17.45, p. 210 po uzgodnieniu mailowym <\/li><\/ul>\n\n\n\n<div class=\"wp-block-buttons\">\n<div class=\"wp-block-button\"><a class=\"wp-block-button__link has-vivid-cyan-blue-background-color has-background\" href=\"mailto:mbedkowski@uw.edu.pl\">mail<\/a><\/div>\n\n\n\n<div class=\"wp-block-button is-style-fill\"><a class=\"wp-block-button__link\" href=\"https:\/\/pbn.nauka.gov.pl\/core\/#\/profile\/public\/5e709458878c28a0473baebe\" target=\"_blank\" rel=\"noreferrer noopener\">PBN<\/a><\/div>\n<\/div>\n\n\n\n<hr class=\"wp-block-separator\"\/>\n\n\n\n<h3>Pracownicy<gwmw style=\"display:none;\"><gwmw style=\"display:none;\"><\/gwmw><\/gwmw><\/h3>\n\n\n\n<hr class=\"wp-block-separator\"\/>\n\n\n\n<h5>prof. dr hab. Miros\u0142aw Ba\u0144ko<gwmw style=\"display:none;\"><gwmw style=\"display:none;\"><gwmw style=\"display:none;\"><\/gwmw><gwmw style=\"display:none;\"><\/gwmw><\/gwmw><\/gwmw><\/h5>\n\n\n\n<ul><li>wtorek, 14.00-15.00, p. 210<\/li><li>dy\u017cury zdalne: poniedzia\u0142ek, \u015broda, 20.00\u201321.00, <a href=\"http:\/\/meet.google.com\/pse-usfw-ohk\">http:\/\/meet.google.com\/pse-usfw-ohk<\/a>, po uzgodnieniu mailowym<\/li><\/ul>\n\n\n\n<div class=\"wp-block-buttons\">\n<div class=\"wp-block-button\"><a class=\"wp-block-button__link has-vivid-cyan-blue-background-color has-background\" href=\"mailto:m.banko@uw.edu.pl\">mail<\/a><\/div>\n\n\n\n<div class=\"wp-block-button is-style-fill\"><a class=\"wp-block-button__link\" href=\"https:\/\/pbn.nauka.gov.pl\/core\/#\/profile\/public\/5e709355878c28a0473a7839\" target=\"_blank\" rel=\"noreferrer noopener\">PBN<\/a><\/div>\n<\/div>\n\n\n\n<hr class=\"wp-block-separator\"\/>\n\n\n\n<h5>dr hab., prof. ucz. Magdalena Derwojedowa<gwmw style=\"display:none;\"><gwmw style=\"display:none;\"><\/gwmw><gwmw style=\"display:none;\"><\/gwmw><\/gwmw><\/h5>\n\n\n\n<ul><li>\u015broda, 12.00-13.00, p.210<\/li><\/ul>\n\n\n\n<div class=\"wp-block-buttons\">\n<div class=\"wp-block-button\"><a class=\"wp-block-button__link has-vivid-cyan-blue-background-color has-background\" href=\"mailto:derwojed@uw.edu.pl\">mail<\/a><\/div>\n\n\n\n<div class=\"wp-block-button is-style-fill\"><a class=\"wp-block-button__link\" href=\"https:\/\/pbn.nauka.gov.pl\/core\/#\/profile\/public\/5e709356878c28a0473a79d6\" target=\"_blank\" rel=\"noreferrer noopener\">PBN<\/a><\/div>\n<\/div>\n<\/div>\n<\/div>\n\n\n\n<p><\/p>\n","protected":false},"excerpt":{"rendered":"<p>Adres na czas remontu Wydzia\u0142u Polonistyki (od 1.10.2025 do odwo\u0142ania) ul. Stawki 5\/7 pok. 210 Kontakt Kampus G\u0142\u00f3wny UW gmach Wydzia\u0142u Polonistyki pok. 33 fot. Magdalena Zawis\u0142awska Kierownik zak\u0142adu dr&hellip;<\/p>\n","protected":false},"author":1,"featured_media":0,"parent":188,"menu_order":3,"comment_status":"closed","ping_status":"closed","template":"page-templates\/fullwidth.php","meta":[],"_links":{"self":[{"href":"https:\/\/ijp.uw.edu.pl\/index.php\/wp-json\/wp\/v2\/pages\/232"}],"collection":[{"href":"https:\/\/ijp.uw.edu.pl\/index.php\/wp-json\/wp\/v2\/pages"}],"about":[{"href":"https:\/\/ijp.uw.edu.pl\/index.php\/wp-json\/wp\/v2\/types\/page"}],"author":[{"embeddable":true,"href":"https:\/\/ijp.uw.edu.pl\/index.php\/wp-json\/wp\/v2\/users\/1"}],"replies":[{"embeddable":true,"href":"https:\/\/ijp.uw.edu.pl\/index.php\/wp-json\/wp\/v2\/comments?post=232"}],"version-history":[{"count":62,"href":"https:\/\/ijp.uw.edu.pl\/index.php\/wp-json\/wp\/v2\/pages\/232\/revisions"}],"predecessor-version":[{"id":1928,"href":"https:\/\/ijp.uw.edu.pl\/index.php\/wp-json\/wp\/v2\/pages\/232\/revisions\/1928"}],"up":[{"embeddable":true,"href":"https:\/\/ijp.uw.edu.pl\/index.php\/wp-json\/wp\/v2\/pages\/188"}],"wp:attachment":[{"href":"https:\/\/ijp.uw.edu.pl\/index.php\/wp-json\/wp\/v2\/media?parent=232"}],"curies":[{"name":"wp","href":"https:\/\/api.w.org\/{rel}","templated":true}]}}