{"id":385,"date":"2020-10-29T09:20:31","date_gmt":"2020-10-29T08:20:31","guid":{"rendered":"http:\/\/ijp.polon.uw.edu.pl\/?page_id=385"},"modified":"2021-01-07T19:56:28","modified_gmt":"2021-01-07T18:56:28","slug":"projekty-naukowe","status":"publish","type":"page","link":"https:\/\/ijp.uw.edu.pl\/index.php\/badania\/projekty-naukowe\/","title":{"rendered":"Projekty naukowe"},"content":{"rendered":"\n<h2>Projekty badawcze kierowane przez pracownik\u00f3w IJP<\/h2>\n\n\n\n<ul><li>Miros\u0142aw Ba\u0144ko,\u00a0<em>Recepcja i adaptacja wyraz\u00f3w obcych w j\u0119zyku polskim i czeskim. Uwarunkowania j\u0119zykowe, psychologiczne i historyczno-kulturowe<\/em>, program Opus, Narodowe Centrum Nauki, 03\/B\/HS2\/02279, 1.08.2012 \u2013 15.02.2016,\u00a0<a rel=\"noreferrer noopener\" href=\"http:\/\/www.approval.uw.edu.pl\/\" target=\"_blank\">http:\/\/www.approval.uw.edu.pl<\/a><\/li><li>Wanda Decyk-Zi\u0119ba,\u00a0<em>Poradnik J\u0119zykowy on-line<\/em>, modu\u0142 badawczy 1.1. pn., Narodowy Program Rozwoju Humanistyki,\u00a0Ministerstwo Nauki i Szkolnictwa Wy\u017cszego,\u00a011H 13 0379 82, 2014\u20132016,\u00a0<a rel=\"noreferrer noopener\" href=\"https:\/\/poradnik-jezykowy.uw.edu.pl\/\" target=\"_blank\">https:\/\/poradnik-jezykowy.uw.edu.pl\/<\/a><\/li><li>Magdalena Derwojedowa,\u00a0<em>Automatyczna analiza \ufb02eksyjna tekst\u00f3w polskich z lat 1830-1918 z uwzgl\u0119dnieniem zmian w odmianie i pisowni<\/em>, program Opus, Narodowe Centrum Nauki, DEC-2012\/07\/B\/HS2\/00570, 12.07.2013\u00a0\u2013 11.07.2016,\u00a0<a rel=\"noreferrer noopener\" href=\"http:\/\/www.f19.uw.edu.pl\/\" target=\"_blank\">http:\/\/www.f19.uw.edu.pl\/<\/a>.<\/li><li>Justyna Garczy\u0144ska,\u00a0<em>Akustyczna baza danych gwar mazowieckich. Wokalizm<\/em>, program Opus, Narodowe Centrum Nauki, DEC-2013\/09\/B\/HS2\/01442, 03.2014\u00a0\u2013 03.2017, <a rel=\"noreferrer noopener\" href=\"http:\/\/www.bazamazak.uw.edu.pl\" data-type=\"URL\" data-id=\"http:\/\/www.bazamazak.uw.edu.pl\" target=\"_blank\">www.bazamazak.uw.edu.pl<\/a><\/li><li>Katarzyna K\u0142osi\u0144ska, <em>Postawy wobec j\u0119zyka<\/em>, program Obserwatorium Kultury, Ministerstwo Kultury i Dziedzictwa Narodowego, 04915\/16 MKiDN, 2016\u20132017.<\/li><li>Tomasz Korpysz,\u00a0<em>Internetowy S\u0142ownik J\u0119zyka Cypriana Norwida\u00a0\u2013\u00a0kontynuacja<\/em>, Narodowy Program Rozwoju Humanistyki, 11 H 13012482, 8.07.2014 \u2013 7.07.2018,\u00a0<a rel=\"noreferrer noopener\" href=\"http:\/\/www.slownikjezykanorwida.uw.edu.pl\/\" target=\"_blank\">http:\/\/www.slownikjezykanorwida.uw.edu.pl\/<\/a>.<\/li><li>Izabela Winiarska-G\u00f3rska,\u00a0Marek \u0141azi\u0144ski,\u00a0<em>Laboratorium j\u0119zykowe &#8211; korpus j\u0119zyka m\u0142odzie\u017cy pocz\u0105tku XXI wieku<\/em>, program \u015acie\u017cki Kopernika, Ministerstwo Nauki i Szkolnictwa Wy\u017cszego, 2013\u20132014. <a rel=\"noreferrer noopener\" href=\"http:\/\/www.laboratoriumjezykowe.uw.edu.pl\" target=\"_blank\">http:\/\/www.laboratoriumjezykowe.uw.edu.pl<\/a><\/li><li>Magdalena Zawis\u0142awska,<em>\u00a0Synamet \u2013 mikrokorpus metafor synestezyjnych. Formalizacja opisu i wypracowanie efektywnych metod analizy metafor w dyskursie<\/em>, Narodowe Centrum Nauki, 2015\u20132018,\u00a0<a rel=\"noreferrer noopener\" href=\"http:\/\/synamet.uw.edu.pl\/\" target=\"_blank\">http:\/\/synamet.uw.edu.pl\/<\/a><\/li><li>Marek \u0141azi\u0144ski,\u00a0\u00a0<em>Rozw\u00f3j polskiego systemu aspektowego w ostatnich 250 latach na tle s\u0105siednich j\u0119zyk\u00f3w s\u0142owia\u0144skich,\u00a0<\/em>projekt badawczy\u00a0Beethoven II (NCN, DFG), 2018-2020,\u00a0nr projektu: 2016\/23\/G\/HS2\/00922<\/li><li>prof dr hab. Wanda Decyk, S\u0142ownik historyczny termin\u00f3w gramatycznych, projekt badawczy Narodowego Funduszu Rozwoju Humanistyki, umowa Nr 0101\/NPRH6\/H11\/85\/2018. <a href=\"https:\/\/shtg.uw.edu.pl\" target=\"_blank\" rel=\"noreferrer noopener\">https:\/\/shtg.uw.edu.pl<\/a><\/li><\/ul>\n","protected":false},"excerpt":{"rendered":"<p>Projekty badawcze kierowane przez pracownik\u00f3w IJP Miros\u0142aw Ba\u0144ko,\u00a0Recepcja i adaptacja wyraz\u00f3w obcych w j\u0119zyku polskim i czeskim. Uwarunkowania j\u0119zykowe, psychologiczne i historyczno-kulturowe, program Opus, Narodowe Centrum Nauki, 03\/B\/HS2\/02279, 1.08.2012 \u2013&hellip;<\/p>\n","protected":false},"author":1,"featured_media":0,"parent":366,"menu_order":1,"comment_status":"closed","ping_status":"closed","template":"","meta":[],"_links":{"self":[{"href":"https:\/\/ijp.uw.edu.pl\/index.php\/wp-json\/wp\/v2\/pages\/385"}],"collection":[{"href":"https:\/\/ijp.uw.edu.pl\/index.php\/wp-json\/wp\/v2\/pages"}],"about":[{"href":"https:\/\/ijp.uw.edu.pl\/index.php\/wp-json\/wp\/v2\/types\/page"}],"author":[{"embeddable":true,"href":"https:\/\/ijp.uw.edu.pl\/index.php\/wp-json\/wp\/v2\/users\/1"}],"replies":[{"embeddable":true,"href":"https:\/\/ijp.uw.edu.pl\/index.php\/wp-json\/wp\/v2\/comments?post=385"}],"version-history":[{"count":2,"href":"https:\/\/ijp.uw.edu.pl\/index.php\/wp-json\/wp\/v2\/pages\/385\/revisions"}],"predecessor-version":[{"id":574,"href":"https:\/\/ijp.uw.edu.pl\/index.php\/wp-json\/wp\/v2\/pages\/385\/revisions\/574"}],"up":[{"embeddable":true,"href":"https:\/\/ijp.uw.edu.pl\/index.php\/wp-json\/wp\/v2\/pages\/366"}],"wp:attachment":[{"href":"https:\/\/ijp.uw.edu.pl\/index.php\/wp-json\/wp\/v2\/media?parent=385"}],"curies":[{"name":"wp","href":"https:\/\/api.w.org\/{rel}","templated":true}]}}