{"id":470,"date":"2020-11-14T22:17:09","date_gmt":"2020-11-14T21:17:09","guid":{"rendered":"http:\/\/ijp.uw.edu.pl\/?page_id=470"},"modified":"2024-11-07T15:30:47","modified_gmt":"2024-11-07T14:30:47","slug":"historia","status":"publish","type":"page","link":"https:\/\/ijp.uw.edu.pl\/index.php\/o-instytucie\/historia\/","title":{"rendered":"Historia"},"content":{"rendered":"\n<div class=\"wp-block-columns\">\n<div class=\"wp-block-column\" style=\"flex-basis:66.66%\">\n<figure class=\"wp-block-image size-large is-style-default\"><img loading=\"lazy\" width=\"1024\" height=\"768\" src=\"http:\/\/ijp.uw.edu.pl\/wp-content\/uploads\/2020\/10\/IMG_0022-1024x768.jpeg\" alt=\"\" class=\"wp-image-42\" srcset=\"https:\/\/ijp.uw.edu.pl\/wp-content\/uploads\/2020\/10\/IMG_0022-1024x768.jpeg 1024w, https:\/\/ijp.uw.edu.pl\/wp-content\/uploads\/2020\/10\/IMG_0022-300x225.jpeg 300w, https:\/\/ijp.uw.edu.pl\/wp-content\/uploads\/2020\/10\/IMG_0022-768x576.jpeg 768w, https:\/\/ijp.uw.edu.pl\/wp-content\/uploads\/2020\/10\/IMG_0022-1536x1152.jpeg 1536w, https:\/\/ijp.uw.edu.pl\/wp-content\/uploads\/2020\/10\/IMG_0022-2048x1536.jpeg 2048w\" sizes=\"(max-width: 1024px) 100vw, 1024px\" \/><figcaption><gwmw style=\"display:none;\"><\/gwmw><\/figcaption><\/figure>\n\n\n\n<figure class=\"wp-block-image size-large is-style-default\"><img loading=\"lazy\" width=\"1024\" height=\"768\" src=\"http:\/\/ijp.uw.edu.pl\/wp-content\/uploads\/2020\/10\/IMG_1517-1024x768.jpeg\" alt=\"\" class=\"wp-image-343\" srcset=\"https:\/\/ijp.uw.edu.pl\/wp-content\/uploads\/2020\/10\/IMG_1517-1024x768.jpeg 1024w, https:\/\/ijp.uw.edu.pl\/wp-content\/uploads\/2020\/10\/IMG_1517-300x225.jpeg 300w, https:\/\/ijp.uw.edu.pl\/wp-content\/uploads\/2020\/10\/IMG_1517-768x576.jpeg 768w, https:\/\/ijp.uw.edu.pl\/wp-content\/uploads\/2020\/10\/IMG_1517-1536x1152.jpeg 1536w, https:\/\/ijp.uw.edu.pl\/wp-content\/uploads\/2020\/10\/IMG_1517-2048x1536.jpeg 2048w, https:\/\/ijp.uw.edu.pl\/wp-content\/uploads\/2020\/10\/IMG_1517-140x105.jpeg 140w\" sizes=\"(max-width: 1024px) 100vw, 1024px\" \/><figcaption><gwmw style=\"display:none;\"><\/gwmw><\/figcaption><\/figure>\n<\/div>\n\n\n\n<div class=\"wp-block-column\" style=\"flex-basis:100%\">\n<p>Instytut J\u0119zyka Polskiego na Uniwersytecie Warszawskim istnieje od 1 wrze\u015bnia 1975 roku. Zosta\u0142 powo\u0142any w zwi\u0105zku z przekszta\u0142ceniem Wydzia\u0142u Filologii Polskiej i S\u0142owia\u0144skiej UW w Wydzia\u0142 Polonistyki. Wcze\u015bniej w obr\u0119bie Wydzia\u0142u Filologii Polskiej i S\u0142owia\u0144skiej istnia\u0142 osobny Instytut Filologii Polskiej. Instytut J\u0119zyka Polskiego kontynuuje tradycj\u0119 bada\u0144 nad j\u0119zykiem, kt\u00f3ra na Uniwersytecie Warszawskim rozwija\u0142a si\u0119 od pocz\u0105tk\u00f3w tej uczelni. W latach 1816\u20131818 wyk\u0142ada\u0142 tu Samuel Bogumi\u0142 Linde &#8211; slawista i leksykograf, autor <em>S\u0142ownika j\u0119zyka polskiego<\/em>.<\/p>\n\n\n\n<p>Po odzyskaniu niepodleg\u0142o\u015bci z Wydzia\u0142em Historyczno-Filologicznym UW byli zwi\u0105zani tacy wybitni j\u0119zykoznawcy, jak Jan Baudouin de Courtenay (kt\u00f3ry teraz jest patronem biblioteki IJP), Adam Antoni Kry\u0144ski, Stanis\u0142aw Szober i Witold Doroszewski. Po II wojnie \u015bwiatowej w Katedrze Historii Literatury Polskiej&nbsp;pracowali znani badacze j\u0119zyka polskiego &#8211; Stanis\u0142aw Skorupka, Halina Koneczna, Halina Kurkowska, Danuta Buttler, Barbara Bartnicka, Renata Grzegorczykowa, Jadwiga Puzynina i Halina Satkiewicz.<\/p>\n\n\n\n<p>W Instytucie\u00a0J\u0119zyka Polskiego odbywa\u0142y wa\u017cne spotkania naukowe i go\u015bcili znani j\u0119zykoznawcy. W ko\u0144cu lat 70 odby\u0142a si\u0119 tu  pierwsza w Polsce dyskusja na temat socjolingwistyki z udzia\u0142em Andrzeja Zi\u00f3\u0142kowskiego i Marka Piotrowskiego (autor\u00f3w znanej pracy <em>Zr\u00f3\u017cnicowanie j\u0119zykowe a struktura spo\u0142eczna<\/em>) oraz Haliny Kurkowskiej, kt\u00f3ra reprezentowa\u0142a Instytut J\u0119zyka Polskiego. Kilkakrotnie IJP go\u015bci\u0142 Jurija Apresjana i Igora Mielczuka. Bywa\u0142a tu z wyk\u0142adami\u00a0 Anna Wierzbicka, zawsze gromadz\u0105ca t\u0142umy s\u0142uchaczy.\u00a0<\/p>\n<\/div>\n<\/div>\n\n\n\n<div class=\"wp-block-columns\">\n<div class=\"wp-block-column\"><\/div>\n<\/div>\n","protected":false},"excerpt":{"rendered":"<p>Instytut J\u0119zyka Polskiego na Uniwersytecie Warszawskim istnieje od 1 wrze\u015bnia 1975 roku. Zosta\u0142 powo\u0142any w zwi\u0105zku z przekszta\u0142ceniem Wydzia\u0142u Filologii Polskiej i S\u0142owia\u0144skiej UW w Wydzia\u0142 Polonistyki. Wcze\u015bniej w obr\u0119bie&hellip;<\/p>\n","protected":false},"author":1,"featured_media":0,"parent":127,"menu_order":4,"comment_status":"closed","ping_status":"closed","template":"page-templates\/fullwidth.php","meta":[],"_links":{"self":[{"href":"https:\/\/ijp.uw.edu.pl\/index.php\/wp-json\/wp\/v2\/pages\/470"}],"collection":[{"href":"https:\/\/ijp.uw.edu.pl\/index.php\/wp-json\/wp\/v2\/pages"}],"about":[{"href":"https:\/\/ijp.uw.edu.pl\/index.php\/wp-json\/wp\/v2\/types\/page"}],"author":[{"embeddable":true,"href":"https:\/\/ijp.uw.edu.pl\/index.php\/wp-json\/wp\/v2\/users\/1"}],"replies":[{"embeddable":true,"href":"https:\/\/ijp.uw.edu.pl\/index.php\/wp-json\/wp\/v2\/comments?post=470"}],"version-history":[{"count":41,"href":"https:\/\/ijp.uw.edu.pl\/index.php\/wp-json\/wp\/v2\/pages\/470\/revisions"}],"predecessor-version":[{"id":1624,"href":"https:\/\/ijp.uw.edu.pl\/index.php\/wp-json\/wp\/v2\/pages\/470\/revisions\/1624"}],"up":[{"embeddable":true,"href":"https:\/\/ijp.uw.edu.pl\/index.php\/wp-json\/wp\/v2\/pages\/127"}],"wp:attachment":[{"href":"https:\/\/ijp.uw.edu.pl\/index.php\/wp-json\/wp\/v2\/media?parent=470"}],"curies":[{"name":"wp","href":"https:\/\/api.w.org\/{rel}","templated":true}]}}